{"id":2,"date":"2021-03-25T18:43:19","date_gmt":"2021-03-25T18:43:19","guid":{"rendered":"https:\/\/aquaclean.rs\/?page_id=2"},"modified":"2025-07-08T13:23:02","modified_gmt":"2025-07-08T13:23:02","slug":"sample-page","status":"publish","type":"page","link":"https:\/\/aquaclean.rs\/","title":{"rendered":"Aqua Clean hemijsko \u010di\u0161\u0107enje Novi Sad"},"content":{"rendered":"\t\t<div data-elementor-type=\"wp-page\" data-elementor-id=\"2\" class=\"elementor elementor-2\">\n\t\t\t\t\t\t<section class=\"elementor-section elementor-top-section elementor-element elementor-element-928eee9 elementor-section-boxed elementor-section-height-default elementor-section-height-default\" data-id=\"928eee9\" data-element_type=\"section\" data-e-type=\"section\">\n\t\t\t\t\t\t<div class=\"elementor-container elementor-column-gap-default\">\n\t\t\t\t\t<div class=\"elementor-column elementor-col-100 elementor-top-column elementor-element elementor-element-68e7964\" data-id=\"68e7964\" data-element_type=\"column\" data-e-type=\"column\" data-settings=\"{&quot;background_background&quot;:&quot;slideshow&quot;,&quot;background_slideshow_gallery&quot;:[],&quot;background_slideshow_loop&quot;:&quot;yes&quot;,&quot;background_slideshow_slide_duration&quot;:5000,&quot;background_slideshow_slide_transition&quot;:&quot;fade&quot;,&quot;background_slideshow_transition_duration&quot;:500}\">\n\t\t\t<div class=\"elementor-widget-wrap elementor-element-populated\">\n\t\t\t\t\t\t<div class=\"elementor-element elementor-element-2174b3e elementor-widget elementor-widget-text-editor\" data-id=\"2174b3e\" data-element_type=\"widget\" data-e-type=\"widget\" data-widget_type=\"text-editor.default\">\n\t\t\t\t<div class=\"elementor-widget-container\">\n\t\t\t\t\t\t\t\t\t<div class=\"n2_ss_slider_publish__option_code\" dir=\"ltr\" data-mode=\"id\"><\/div>\t\t\t\t\t\t\t\t<\/div>\n\t\t\t\t<\/div>\n\t\t\t\t\t<\/div>\n\t\t<\/div>\n\t\t\t\t\t<\/div>\n\t\t<\/section>\n\t\t\t\t<section class=\"elementor-section elementor-top-section elementor-element elementor-element-634b327 elementor-section-boxed elementor-section-height-default elementor-section-height-default\" data-id=\"634b327\" data-element_type=\"section\" data-e-type=\"section\">\n\t\t\t\t\t\t<div class=\"elementor-container elementor-column-gap-default\">\n\t\t\t\t\t<div class=\"elementor-column elementor-col-33 elementor-top-column elementor-element elementor-element-5138a9c\" data-id=\"5138a9c\" data-element_type=\"column\" data-e-type=\"column\">\n\t\t\t<div class=\"elementor-widget-wrap elementor-element-populated\">\n\t\t\t\t\t\t<div class=\"elementor-element elementor-element-8bf6abd elementor-view-default elementor-position-block-start elementor-mobile-position-block-start elementor-widget elementor-widget-icon-box\" data-id=\"8bf6abd\" data-element_type=\"widget\" data-e-type=\"widget\" data-widget_type=\"icon-box.default\">\n\t\t\t\t<div class=\"elementor-widget-container\">\n\t\t\t\t\t\t\t<div class=\"elementor-icon-box-wrapper\">\n\n\t\t\t\t\t\t<div class=\"elementor-icon-box-icon\">\n\t\t\t\t<span  class=\"elementor-icon\">\n\t\t\t\t<i aria-hidden=\"true\" class=\"fas fa-tasks\"><\/i>\t\t\t\t<\/span>\n\t\t\t<\/div>\n\t\t\t\n\t\t\t\t\t\t<div class=\"elementor-icon-box-content\">\n\n\t\t\t\t\t\t\t\t\t<h3 class=\"elementor-icon-box-title\">\n\t\t\t\t\t\t<span  >\n\t\t\t\t\t\t\tHemijsko \u010ci\u0161\u0107enje \t\t\t\t\t\t<\/span>\n\t\t\t\t\t<\/h3>\n\t\t\t\t\n\t\t\t\t\t\t\t\t\t<p class=\"elementor-icon-box-description\">\n\t\t\t\t\t\tPreduze\u0107e AQUA SYSTEM nudi bogat program usluga za \u010di\u0161\u0107enje i dezinfekciju. Usluge i opis usluga mo\u017eete pogledati na stranici usluge.<br>\t\t\t\t\t<\/p>\n\t\t\t\t\n\t\t\t<\/div>\n\t\t\t\n\t\t<\/div>\n\t\t\t\t\t\t<\/div>\n\t\t\t\t<\/div>\n\t\t\t\t<div class=\"elementor-element elementor-element-bba6548 elementor-button-info elementor-align-center elementor-widget elementor-widget-button\" data-id=\"bba6548\" data-element_type=\"widget\" data-e-type=\"widget\" data-widget_type=\"button.default\">\n\t\t\t\t<div class=\"elementor-widget-container\">\n\t\t\t\t\t\t\t\t\t<div class=\"elementor-button-wrapper\">\n\t\t\t\t\t<a class=\"elementor-button elementor-button-link elementor-size-md\" href=\"https:\/\/aquaclean.rs\/index.php\/usluge\/\">\n\t\t\t\t\t\t<span class=\"elementor-button-content-wrapper\">\n\t\t\t\t\t\t\t\t\t<span class=\"elementor-button-text\">Tehnikalije<\/span>\n\t\t\t\t\t<\/span>\n\t\t\t\t\t<\/a>\n\t\t\t\t<\/div>\n\t\t\t\t\t\t\t\t<\/div>\n\t\t\t\t<\/div>\n\t\t\t\t\t<\/div>\n\t\t<\/div>\n\t\t\t\t<div class=\"elementor-column elementor-col-33 elementor-top-column elementor-element elementor-element-91bff5f\" data-id=\"91bff5f\" data-element_type=\"column\" data-e-type=\"column\">\n\t\t\t<div class=\"elementor-widget-wrap elementor-element-populated\">\n\t\t\t\t\t\t<div class=\"elementor-element elementor-element-cfff19f elementor-view-default elementor-position-block-start elementor-mobile-position-block-start elementor-widget elementor-widget-icon-box\" data-id=\"cfff19f\" data-element_type=\"widget\" data-e-type=\"widget\" data-widget_type=\"icon-box.default\">\n\t\t\t\t<div class=\"elementor-widget-container\">\n\t\t\t\t\t\t\t<div class=\"elementor-icon-box-wrapper\">\n\n\t\t\t\t\t\t<div class=\"elementor-icon-box-icon\">\n\t\t\t\t<span  class=\"elementor-icon\">\n\t\t\t\t<i aria-hidden=\"true\" class=\"fab fa-servicestack\"><\/i>\t\t\t\t<\/span>\n\t\t\t<\/div>\n\t\t\t\n\t\t\t\t\t\t<div class=\"elementor-icon-box-content\">\n\n\t\t\t\t\t\t\t\t\t<h3 class=\"elementor-icon-box-title\">\n\t\t\t\t\t\t<span  >\n\t\t\t\t\t\t\tCenovnik usluga\t\t\t\t\t\t<\/span>\n\t\t\t\t\t<\/h3>\n\t\t\t\t\n\t\t\t\t\t\t\t\t\t<p class=\"elementor-icon-box-description\">\n\t\t\t\t\t\tKako bi Vam olak\u0161ali da se odlu\u010dite za neku od na\u0161ih usluga, ispod se nalazi kompletan cenovnik na\u0161ih usluga.<br>\t\t\t\t\t<\/p>\n\t\t\t\t\n\t\t\t<\/div>\n\t\t\t\n\t\t<\/div>\n\t\t\t\t\t\t<\/div>\n\t\t\t\t<\/div>\n\t\t\t\t<div class=\"elementor-element elementor-element-7b99525 elementor-button-success elementor-align-center elementor-widget elementor-widget-button\" data-id=\"7b99525\" data-element_type=\"widget\" data-e-type=\"widget\" data-widget_type=\"button.default\">\n\t\t\t\t<div class=\"elementor-widget-container\">\n\t\t\t\t\t\t\t\t\t<div class=\"elementor-button-wrapper\">\n\t\t\t\t\t<a class=\"elementor-button elementor-button-link elementor-size-md\" href=\"https:\/\/aquaclean.rs\/wp-content\/uploads\/2025\/07\/CENOVNIK-AQUA-SYSTEM-DOO.xlsx\">\n\t\t\t\t\t\t<span class=\"elementor-button-content-wrapper\">\n\t\t\t\t\t\t\t\t\t<span class=\"elementor-button-text\">Cenovnik usluga<\/span>\n\t\t\t\t\t<\/span>\n\t\t\t\t\t<\/a>\n\t\t\t\t<\/div>\n\t\t\t\t\t\t\t\t<\/div>\n\t\t\t\t<\/div>\n\t\t\t\t\t<\/div>\n\t\t<\/div>\n\t\t\t\t<div class=\"elementor-column elementor-col-33 elementor-top-column elementor-element elementor-element-1728c1e\" data-id=\"1728c1e\" data-element_type=\"column\" data-e-type=\"column\">\n\t\t\t<div class=\"elementor-widget-wrap elementor-element-populated\">\n\t\t\t\t\t\t<div class=\"elementor-element elementor-element-e129205 elementor-view-default elementor-position-block-start elementor-mobile-position-block-start elementor-widget elementor-widget-icon-box\" data-id=\"e129205\" data-element_type=\"widget\" data-e-type=\"widget\" data-widget_type=\"icon-box.default\">\n\t\t\t\t<div class=\"elementor-widget-container\">\n\t\t\t\t\t\t\t<div class=\"elementor-icon-box-wrapper\">\n\n\t\t\t\t\t\t<div class=\"elementor-icon-box-icon\">\n\t\t\t\t<span  class=\"elementor-icon\">\n\t\t\t\t<i aria-hidden=\"true\" class=\"fas fa-phone\"><\/i>\t\t\t\t<\/span>\n\t\t\t<\/div>\n\t\t\t\n\t\t\t\t\t\t<div class=\"elementor-icon-box-content\">\n\n\t\t\t\t\t\t\t\t\t<h3 class=\"elementor-icon-box-title\">\n\t\t\t\t\t\t<span  >\n\t\t\t\t\t\t\tKontakt\t\t\t\t\t\t<\/span>\n\t\t\t\t\t<\/h3>\n\t\t\t\t\n\t\t\t\t\t\t\t\t\t<p class=\"elementor-icon-box-description\">\n\t\t\t\t\t\tPozovite nas za vi\u0161e informacija.<br><br>\t\t\t\t\t<\/p>\n\t\t\t\t\n\t\t\t<\/div>\n\t\t\t\n\t\t<\/div>\n\t\t\t\t\t\t<\/div>\n\t\t\t\t<\/div>\n\t\t\t\t<div class=\"elementor-element elementor-element-080e559 elementor-button-danger elementor-align-center elementor-widget elementor-widget-button\" data-id=\"080e559\" data-element_type=\"widget\" data-e-type=\"widget\" data-widget_type=\"button.default\">\n\t\t\t\t<div class=\"elementor-widget-container\">\n\t\t\t\t\t\t\t\t\t<div class=\"elementor-button-wrapper\">\n\t\t\t\t\t<a class=\"elementor-button elementor-button-link elementor-size-md\" href=\"https:\/\/aquaclean.rs\/index.php\/kontakt\/\">\n\t\t\t\t\t\t<span class=\"elementor-button-content-wrapper\">\n\t\t\t\t\t\t\t\t\t<span class=\"elementor-button-text\">Kontakt<\/span>\n\t\t\t\t\t<\/span>\n\t\t\t\t\t<\/a>\n\t\t\t\t<\/div>\n\t\t\t\t\t\t\t\t<\/div>\n\t\t\t\t<\/div>\n\t\t\t\t\t<\/div>\n\t\t<\/div>\n\t\t\t\t\t<\/div>\n\t\t<\/section>\n\t\t\t\t<section class=\"elementor-section elementor-top-section elementor-element elementor-element-746c9fc elementor-section-boxed elementor-section-height-default elementor-section-height-default\" data-id=\"746c9fc\" data-element_type=\"section\" data-e-type=\"section\">\n\t\t\t\t\t\t<div class=\"elementor-container elementor-column-gap-default\">\n\t\t\t\t\t<div class=\"elementor-column elementor-col-100 elementor-top-column elementor-element elementor-element-e007326\" data-id=\"e007326\" data-element_type=\"column\" data-e-type=\"column\">\n\t\t\t<div class=\"elementor-widget-wrap elementor-element-populated\">\n\t\t\t\t\t\t<section class=\"elementor-section elementor-inner-section elementor-element elementor-element-c94b377 elementor-section-boxed elementor-section-height-default elementor-section-height-default\" data-id=\"c94b377\" data-element_type=\"section\" data-e-type=\"section\">\n\t\t\t\t\t\t<div class=\"elementor-container elementor-column-gap-default\">\n\t\t\t\t\t<div class=\"elementor-column elementor-col-50 elementor-inner-column elementor-element elementor-element-b6f6ecc\" data-id=\"b6f6ecc\" data-element_type=\"column\" data-e-type=\"column\">\n\t\t\t<div class=\"elementor-widget-wrap elementor-element-populated\">\n\t\t\t\t\t\t<div class=\"elementor-element elementor-element-8e5bb79 elementor-widget elementor-widget-image\" data-id=\"8e5bb79\" data-element_type=\"widget\" data-e-type=\"widget\" data-widget_type=\"image.default\">\n\t\t\t\t<div class=\"elementor-widget-container\">\n\t\t\t\t\t\t\t\t\t\t\t\t\t\t\t<img fetchpriority=\"high\" decoding=\"async\" width=\"1024\" height=\"682\" src=\"https:\/\/aquaclean.rs\/wp-content\/uploads\/2021\/06\/IMG_9467-1024x682.jpg\" class=\"attachment-large size-large wp-image-115\" alt=\"Aqua clean hemijsko ciscenje\" srcset=\"https:\/\/aquaclean.rs\/wp-content\/uploads\/2021\/06\/IMG_9467-1024x682.jpg 1024w, https:\/\/aquaclean.rs\/wp-content\/uploads\/2021\/06\/IMG_9467-300x200.jpg 300w, https:\/\/aquaclean.rs\/wp-content\/uploads\/2021\/06\/IMG_9467-768x512.jpg 768w, https:\/\/aquaclean.rs\/wp-content\/uploads\/2021\/06\/IMG_9467-1536x1024.jpg 1536w, https:\/\/aquaclean.rs\/wp-content\/uploads\/2021\/06\/IMG_9467.jpg 2000w\" sizes=\"(max-width: 1024px) 100vw, 1024px\" \/>\t\t\t\t\t\t\t\t\t\t\t\t\t\t\t<\/div>\n\t\t\t\t<\/div>\n\t\t\t\t\t<\/div>\n\t\t<\/div>\n\t\t\t\t<div class=\"elementor-column elementor-col-50 elementor-inner-column elementor-element elementor-element-6411945\" data-id=\"6411945\" data-element_type=\"column\" data-e-type=\"column\">\n\t\t\t<div class=\"elementor-widget-wrap elementor-element-populated\">\n\t\t\t\t\t\t<div class=\"elementor-element elementor-element-12203e4 elementor-widget elementor-widget-text-editor\" data-id=\"12203e4\" data-element_type=\"widget\" data-e-type=\"widget\" data-widget_type=\"text-editor.default\">\n\t\t\t\t<div class=\"elementor-widget-container\">\n\t\t\t\t\t\t\t\t\t<div dir=\"auto\">Preduze\u0107e AQUA SYSTEM DOO na lokaciji Bulevar Oslobo\u0111enja 41. vr\u0161i uslugu pranja i peglanja ve\u0161a za potrebe pravnih lica.<\/div>\n<div dir=\"auto\">\u00a0<\/div>\n<div dir=\"auto\">Vr\u0161imo usluge pranja i peglanja za potrebe bolnica, hotela, restorana, prehrambene industrije i drugih privrednih subjekte kojima je takva vrsta usluge potrebna.\u00a0<br \/><br \/><\/div>\n<div dir=\"auto\">Ujedno vr\u0161imo preuzimanje i dostavu ve\u0161a u skladu sa<\/div>\n<div dir=\"auto\">\u00a0potrebama naru\u010dioca usluge.<\/div>\n<div dir=\"auto\">\u00a0<\/div>\n<div dir=\"auto\"><strong>Firma poseduje slede\u0107e standarde: SRPS ISO 9001, SRPS ISO 14001, SRPS OHSAS 18001.<\/strong><\/div>\t\t\t\t\t\t\t\t<\/div>\n\t\t\t\t<\/div>\n\t\t\t\t\t<\/div>\n\t\t<\/div>\n\t\t\t\t\t<\/div>\n\t\t<\/section>\n\t\t\t\t\t<\/div>\n\t\t<\/div>\n\t\t\t\t\t<\/div>\n\t\t<\/section>\n\t\t\t\t<section class=\"elementor-section elementor-top-section elementor-element elementor-element-e75357a elementor-section-boxed elementor-section-height-default elementor-section-height-default\" data-id=\"e75357a\" data-element_type=\"section\" data-e-type=\"section\">\n\t\t\t\t\t\t<div class=\"elementor-container elementor-column-gap-default\">\n\t\t\t\t\t<div class=\"elementor-column elementor-col-100 elementor-top-column elementor-element elementor-element-1a0a589\" data-id=\"1a0a589\" data-element_type=\"column\" data-e-type=\"column\">\n\t\t\t<div class=\"elementor-widget-wrap elementor-element-populated\">\n\t\t\t\t\t\t<div class=\"elementor-element elementor-element-4f35f72 elementor-widget elementor-widget-text-editor\" data-id=\"4f35f72\" data-element_type=\"widget\" data-e-type=\"widget\" data-widget_type=\"text-editor.default\">\n\t\t\t\t<div class=\"elementor-widget-container\">\n\t\t\t\t\t\t\t\t\t\n<p>Preduze\u0107e AQUA SYSTEM osnovano je 2003. godine. 18 godina uspe\u0161no posluje na teritoriji Novog Sada pod brendom AQUA CLEAN.<\/p>\n\n<blockquote class=\"wp-block-quote is-layout-flow wp-block-quote-is-layout-flow\">\n<p><strong>Ime brenda je dobijeno po Electrolux-ovom Aqua Clean sistemu pranja koji \u0161tedi vodu.<\/strong><\/p>\n<\/blockquote>\n\n<p>Od nastanka preduze\u0107a pa do danas,<\/p>\n\n<blockquote class=\"wp-block-quote is-layout-flow wp-block-quote-is-layout-flow\">\n<p><strong>AQUA CLEAN je izgradio prepoznatljiv brend u Novom Sadu zahvaljuju\u0107i zadovoljnim korisnicima na\u0161ih usluga. Kvalitet na\u0161e usluge je odre\u0111en modernom tehnologijom, iskustvom, posve\u0107eno\u0161\u0107u na\u0161ih radnika kao i kontinuiranom usavr\u0161avanju u radu.<\/strong><\/p>\n<\/blockquote>\n\t\t\t\t\t\t\t\t<\/div>\n\t\t\t\t<\/div>\n\t\t\t\t\t<\/div>\n\t\t<\/div>\n\t\t\t\t\t<\/div>\n\t\t<\/section>\n\t\t\t\t<section class=\"elementor-section elementor-top-section elementor-element elementor-element-8777d5e elementor-section-boxed elementor-section-height-default elementor-section-height-default\" data-id=\"8777d5e\" data-element_type=\"section\" data-e-type=\"section\">\n\t\t\t\t\t\t<div class=\"elementor-container elementor-column-gap-default\">\n\t\t\t\t\t<div class=\"elementor-column elementor-col-100 elementor-top-column elementor-element elementor-element-55c2d09\" data-id=\"55c2d09\" data-element_type=\"column\" data-e-type=\"column\">\n\t\t\t<div class=\"elementor-widget-wrap elementor-element-populated\">\n\t\t\t\t\t\t<section class=\"elementor-section elementor-inner-section elementor-element elementor-element-c50c71d elementor-section-boxed elementor-section-height-default elementor-section-height-default\" data-id=\"c50c71d\" data-element_type=\"section\" data-e-type=\"section\">\n\t\t\t\t\t\t<div class=\"elementor-container elementor-column-gap-default\">\n\t\t\t\t\t<div class=\"elementor-column elementor-col-50 elementor-inner-column elementor-element elementor-element-a2e2990\" data-id=\"a2e2990\" data-element_type=\"column\" data-e-type=\"column\">\n\t\t\t<div class=\"elementor-widget-wrap elementor-element-populated\">\n\t\t\t\t\t\t<div class=\"elementor-element elementor-element-ace0945 elementor-widget elementor-widget-text-editor\" data-id=\"ace0945\" data-element_type=\"widget\" data-e-type=\"widget\" data-widget_type=\"text-editor.default\">\n\t\t\t\t<div class=\"elementor-widget-container\">\n\t\t\t\t\t\t\t\t\t<ul>\n<li>\n<h4><strong>Hemijsko \u010di\u0161\u0107enje<\/strong><\/h4>\n<\/li>\n<li>\n<h4><strong>Vodeno pranje<\/strong><\/h4>\n<\/li>\n<li>\n<h4><strong>Hemijsko \u010di\u0161\u0107enje ko\u017ee i krzna<\/strong><\/h4>\n<\/li>\n<li>\n<h4><strong>\u010ci\u0161\u0107enje obu\u0107e<\/strong><\/h4>\n<\/li>\n<li>\n<h4><strong>Bojenje odevnih predmeta<\/strong><\/h4>\n<\/li>\n<li>\n<h4><strong>Kroja\u010dke usluge<\/strong><\/h4>\n<\/li>\n<li>\n<h4><strong>Dezinfekcija ve\u0161a<\/strong><\/h4>\n<\/li>\n<\/ul>\t\t\t\t\t\t\t\t<\/div>\n\t\t\t\t<\/div>\n\t\t\t\t\t<\/div>\n\t\t<\/div>\n\t\t\t\t<div class=\"elementor-column elementor-col-50 elementor-inner-column elementor-element elementor-element-f09921a\" data-id=\"f09921a\" data-element_type=\"column\" data-e-type=\"column\">\n\t\t\t<div class=\"elementor-widget-wrap elementor-element-populated\">\n\t\t\t\t\t\t<div class=\"elementor-element elementor-element-cbf74a5 elementor-widget elementor-widget-image\" data-id=\"cbf74a5\" data-element_type=\"widget\" data-e-type=\"widget\" data-widget_type=\"image.default\">\n\t\t\t\t<div class=\"elementor-widget-container\">\n\t\t\t\t\t\t\t\t\t\t\t\t\t\t\t<img decoding=\"async\" width=\"1024\" height=\"683\" src=\"https:\/\/aquaclean.rs\/wp-content\/uploads\/2021\/03\/IMG_9367_resized_20210329_114819241-1024x683.jpg\" class=\"attachment-large size-large wp-image-43\" alt=\"aqua clean hemijsko ciscenje\" srcset=\"https:\/\/aquaclean.rs\/wp-content\/uploads\/2021\/03\/IMG_9367_resized_20210329_114819241-1024x683.jpg 1024w, https:\/\/aquaclean.rs\/wp-content\/uploads\/2021\/03\/IMG_9367_resized_20210329_114819241-300x200.jpg 300w, https:\/\/aquaclean.rs\/wp-content\/uploads\/2021\/03\/IMG_9367_resized_20210329_114819241-768x512.jpg 768w, https:\/\/aquaclean.rs\/wp-content\/uploads\/2021\/03\/IMG_9367_resized_20210329_114819241.jpg 1500w\" sizes=\"(max-width: 1024px) 100vw, 1024px\" \/>\t\t\t\t\t\t\t\t\t\t\t\t\t\t\t<\/div>\n\t\t\t\t<\/div>\n\t\t\t\t\t<\/div>\n\t\t<\/div>\n\t\t\t\t\t<\/div>\n\t\t<\/section>\n\t\t\t\t\t<\/div>\n\t\t<\/div>\n\t\t\t\t\t<\/div>\n\t\t<\/section>\n\t\t\t\t<\/div>\n\t\t","protected":false},"excerpt":{"rendered":"<p>Hemijsko \u010ci\u0161\u0107enje Preduze\u0107e AQUA SYSTEM nudi bogat program usluga za \u010di\u0161\u0107enje i dezinfekciju. Usluge i opis usluga mo\u017eete pogledati na stranici usluge. Tehnikalije Cenovnik usluga Kako bi Vam olak\u0161ali da se odlu\u010dite za neku od na\u0161ih usluga, ispod se nalazi kompletan cenovnik na\u0161ih usluga. Cenovnik usluga Kontakt Pozovite nas za vi\u0161e informacija. Kontakt Preduze\u0107e AQUA<br \/><a class=\"btn-read-more\" href=\"https:\/\/aquaclean.rs\/\">Read More<\/a><\/p>\n","protected":false},"author":1,"featured_media":0,"parent":0,"menu_order":0,"comment_status":"closed","ping_status":"closed","template":"","meta":{"_monsterinsights_skip_tracking":false,"_monsterinsights_sitenote_active":false,"_monsterinsights_sitenote_note":"","_monsterinsights_sitenote_category":0,"footnotes":""},"class_list":["post-2","page","type-page","status-publish","hentry"],"aioseo_notices":[],"_links":{"self":[{"href":"https:\/\/aquaclean.rs\/index.php\/wp-json\/wp\/v2\/pages\/2","targetHints":{"allow":["GET"]}}],"collection":[{"href":"https:\/\/aquaclean.rs\/index.php\/wp-json\/wp\/v2\/pages"}],"about":[{"href":"https:\/\/aquaclean.rs\/index.php\/wp-json\/wp\/v2\/types\/page"}],"author":[{"embeddable":true,"href":"https:\/\/aquaclean.rs\/index.php\/wp-json\/wp\/v2\/users\/1"}],"replies":[{"embeddable":true,"href":"https:\/\/aquaclean.rs\/index.php\/wp-json\/wp\/v2\/comments?post=2"}],"version-history":[{"count":87,"href":"https:\/\/aquaclean.rs\/index.php\/wp-json\/wp\/v2\/pages\/2\/revisions"}],"predecessor-version":[{"id":315,"href":"https:\/\/aquaclean.rs\/index.php\/wp-json\/wp\/v2\/pages\/2\/revisions\/315"}],"wp:attachment":[{"href":"https:\/\/aquaclean.rs\/index.php\/wp-json\/wp\/v2\/media?parent=2"}],"curies":[{"name":"wp","href":"https:\/\/api.w.org\/{rel}","templated":true}]}}