{"id":8,"date":"2021-03-28T16:39:42","date_gmt":"2021-03-28T16:39:42","guid":{"rendered":"https:\/\/aquaclean.rs\/?page_id=8"},"modified":"2025-07-08T13:16:05","modified_gmt":"2025-07-08T13:16:05","slug":"o-nama","status":"publish","type":"page","link":"https:\/\/aquaclean.rs\/index.php\/o-nama\/","title":{"rendered":"O nama"},"content":{"rendered":"\t\t<div data-elementor-type=\"wp-page\" data-elementor-id=\"8\" class=\"elementor elementor-8\">\n\t\t\t\t\t\t<section class=\"elementor-section elementor-top-section elementor-element elementor-element-d91ce24 elementor-section-boxed elementor-section-height-default elementor-section-height-default\" data-id=\"d91ce24\" data-element_type=\"section\" data-e-type=\"section\">\n\t\t\t\t\t\t<div class=\"elementor-container elementor-column-gap-default\">\n\t\t\t\t\t<div class=\"elementor-column elementor-col-50 elementor-top-column elementor-element elementor-element-5d3057d\" data-id=\"5d3057d\" data-element_type=\"column\" data-e-type=\"column\">\n\t\t\t<div class=\"elementor-widget-wrap elementor-element-populated\">\n\t\t\t\t\t\t<div class=\"elementor-element elementor-element-80d935b elementor-widget elementor-widget-heading\" data-id=\"80d935b\" data-element_type=\"widget\" data-e-type=\"widget\" data-widget_type=\"heading.default\">\n\t\t\t\t<div class=\"elementor-widget-container\">\n\t\t\t\t\t<h2 class=\"elementor-heading-title elementor-size-default\">O nama<\/h2>\t\t\t\t<\/div>\n\t\t\t\t<\/div>\n\t\t\t\t<div class=\"elementor-element elementor-element-ae1553b elementor-widget elementor-widget-text-editor\" data-id=\"ae1553b\" data-element_type=\"widget\" data-e-type=\"widget\" data-widget_type=\"text-editor.default\">\n\t\t\t\t<div class=\"elementor-widget-container\">\n\t\t\t\t\t\t\t\t\t<div dir=\"auto\"><strong>Preduze\u0107e AQUA SYSTEM osnovano je 2003. godine. 18 godina uspe\u0161no posluje na teritoriji Novog Sada pod brendom AQUA CLEAN. Ime brenda je dobijeno po Electrolux-ovom Aqua Clean sistemu pranja koji \u0161tedi vodu. Ovaj sistem\u00a0 je svojevremeno predstavljen kao revolucionarno ekolo\u0161ko pranje koje mo\u017ee uspe\u0161no i bez o\u0161te\u0107enja da opere svaki vodoperivi materijal.<\/strong><\/div>\n<div dir=\"auto\"><strong>Tokom dugogodi\u0161njeg poslovanja AQUA CLEAN je pro\u0161irio asortiman usluga. Pored hemijskog \u010di\u0161\u0107enja, ekolo\u0161kog pranja i peglanja, nudi usluge bojenje tekstila, pranje tepiha, du\u0161eka, kofera, name\u0161taja kao i pranje i hemijsko \u010di\u0161\u0107enje svih vrsta obu\u0107e.<\/strong><\/div>\t\t\t\t\t\t\t\t<\/div>\n\t\t\t\t<\/div>\n\t\t\t\t\t<\/div>\n\t\t<\/div>\n\t\t\t\t<div class=\"elementor-column elementor-col-50 elementor-top-column elementor-element elementor-element-a3b1edb\" data-id=\"a3b1edb\" data-element_type=\"column\" data-e-type=\"column\">\n\t\t\t<div class=\"elementor-widget-wrap elementor-element-populated\">\n\t\t\t\t\t\t<div class=\"elementor-element elementor-element-cbd2e60 elementor-widget elementor-widget-image\" data-id=\"cbd2e60\" data-element_type=\"widget\" data-e-type=\"widget\" data-widget_type=\"image.default\">\n\t\t\t\t<div class=\"elementor-widget-container\">\n\t\t\t\t\t\t\t\t\t\t\t\t\t\t\t<img fetchpriority=\"high\" decoding=\"async\" width=\"1024\" height=\"682\" src=\"https:\/\/aquaclean.rs\/wp-content\/uploads\/2021\/06\/IMG_0263-1024x682.jpg\" class=\"attachment-large size-large wp-image-122\" alt=\"Aqua clean hemijsko ciscenje prostor2\" srcset=\"https:\/\/aquaclean.rs\/wp-content\/uploads\/2021\/06\/IMG_0263-1024x682.jpg 1024w, https:\/\/aquaclean.rs\/wp-content\/uploads\/2021\/06\/IMG_0263-300x200.jpg 300w, https:\/\/aquaclean.rs\/wp-content\/uploads\/2021\/06\/IMG_0263-768x512.jpg 768w, https:\/\/aquaclean.rs\/wp-content\/uploads\/2021\/06\/IMG_0263-1536x1024.jpg 1536w, https:\/\/aquaclean.rs\/wp-content\/uploads\/2021\/06\/IMG_0263.jpg 2000w\" sizes=\"(max-width: 1024px) 100vw, 1024px\" \/>\t\t\t\t\t\t\t\t\t\t\t\t\t\t\t<\/div>\n\t\t\t\t<\/div>\n\t\t\t\t\t<\/div>\n\t\t<\/div>\n\t\t\t\t\t<\/div>\n\t\t<\/section>\n\t\t\t\t<section class=\"elementor-section elementor-top-section elementor-element elementor-element-6c37c6a elementor-section-boxed elementor-section-height-default elementor-section-height-default\" data-id=\"6c37c6a\" data-element_type=\"section\" data-e-type=\"section\">\n\t\t\t\t\t\t<div class=\"elementor-container elementor-column-gap-default\">\n\t\t\t\t\t<div class=\"elementor-column elementor-col-50 elementor-top-column elementor-element elementor-element-32722e9\" data-id=\"32722e9\" data-element_type=\"column\" data-e-type=\"column\">\n\t\t\t<div class=\"elementor-widget-wrap elementor-element-populated\">\n\t\t\t\t\t\t<div class=\"elementor-element elementor-element-c08132a elementor-widget elementor-widget-image\" data-id=\"c08132a\" data-element_type=\"widget\" data-e-type=\"widget\" data-widget_type=\"image.default\">\n\t\t\t\t<div class=\"elementor-widget-container\">\n\t\t\t\t\t\t\t\t\t\t\t\t\t\t\t<img decoding=\"async\" width=\"1024\" height=\"682\" src=\"https:\/\/aquaclean.rs\/wp-content\/uploads\/2021\/06\/IMG_9516-1024x682.jpg\" class=\"attachment-large size-large wp-image-123\" alt=\"Aqua clean hemijsko ciscenje 3\" srcset=\"https:\/\/aquaclean.rs\/wp-content\/uploads\/2021\/06\/IMG_9516-1024x682.jpg 1024w, https:\/\/aquaclean.rs\/wp-content\/uploads\/2021\/06\/IMG_9516-300x200.jpg 300w, https:\/\/aquaclean.rs\/wp-content\/uploads\/2021\/06\/IMG_9516-768x512.jpg 768w, https:\/\/aquaclean.rs\/wp-content\/uploads\/2021\/06\/IMG_9516-1536x1024.jpg 1536w, https:\/\/aquaclean.rs\/wp-content\/uploads\/2021\/06\/IMG_9516.jpg 2000w\" sizes=\"(max-width: 1024px) 100vw, 1024px\" \/>\t\t\t\t\t\t\t\t\t\t\t\t\t\t\t<\/div>\n\t\t\t\t<\/div>\n\t\t\t\t\t<\/div>\n\t\t<\/div>\n\t\t\t\t<div class=\"elementor-column elementor-col-50 elementor-top-column elementor-element elementor-element-5c0a00a\" data-id=\"5c0a00a\" data-element_type=\"column\" data-e-type=\"column\">\n\t\t\t<div class=\"elementor-widget-wrap elementor-element-populated\">\n\t\t\t\t\t\t<div class=\"elementor-element elementor-element-743d2fe elementor-widget elementor-widget-text-editor\" data-id=\"743d2fe\" data-element_type=\"widget\" data-e-type=\"widget\" data-widget_type=\"text-editor.default\">\n\t\t\t\t<div class=\"elementor-widget-container\">\n\t\t\t\t\t\t\t\t\t<div dir=\"auto\"><strong>Pored usluge za fizi\u010dka lica u okviru firme, vr\u0161e se usluge za pravna lica &#8211; bolnice, hotele, restorane, pred\u0161kolske ustanove, prehrambenu industriju i sli\u010dno.&nbsp;<\/strong><\/div>\n<div dir=\"auto\"><strong>Od nastanka preduze\u0107a pa do danas, AQUA CLEAN je izgradio prepoznatljiv brend u Novom Sadu zahvaljuju\u0107i zadovoljnim korisnicima na\u0161ih usluga. Kvalitet na\u0161e usluge je odre\u0111en modernom tehnologijom, iskustvom, posve\u0107eno\u0161\u0107u na\u0161ih radnika kao i kontinuiranom usavr\u0161avanju u radu<\/strong><\/div>\t\t\t\t\t\t\t\t<\/div>\n\t\t\t\t<\/div>\n\t\t\t\t\t<\/div>\n\t\t<\/div>\n\t\t\t\t\t<\/div>\n\t\t<\/section>\n\t\t\t\t<\/div>\n\t\t","protected":false},"excerpt":{"rendered":"<p>O nama Preduze\u0107e AQUA SYSTEM osnovano je 2003. godine. 18 godina uspe\u0161no posluje na teritoriji Novog Sada pod brendom AQUA CLEAN. Ime brenda je dobijeno po Electrolux-ovom Aqua Clean sistemu pranja koji \u0161tedi vodu. Ovaj sistem\u00a0 je svojevremeno predstavljen kao revolucionarno ekolo\u0161ko pranje koje mo\u017ee uspe\u0161no i bez o\u0161te\u0107enja da opere svaki vodoperivi materijal. Tokom<br \/><a class=\"btn-read-more\" href=\"https:\/\/aquaclean.rs\/index.php\/o-nama\/\">Read More<\/a><\/p>\n","protected":false},"author":1,"featured_media":0,"parent":0,"menu_order":0,"comment_status":"closed","ping_status":"closed","template":"","meta":{"_monsterinsights_skip_tracking":false,"_monsterinsights_sitenote_active":false,"_monsterinsights_sitenote_note":"","_monsterinsights_sitenote_category":0,"footnotes":""},"class_list":["post-8","page","type-page","status-publish","hentry"],"aioseo_notices":[],"_links":{"self":[{"href":"https:\/\/aquaclean.rs\/index.php\/wp-json\/wp\/v2\/pages\/8","targetHints":{"allow":["GET"]}}],"collection":[{"href":"https:\/\/aquaclean.rs\/index.php\/wp-json\/wp\/v2\/pages"}],"about":[{"href":"https:\/\/aquaclean.rs\/index.php\/wp-json\/wp\/v2\/types\/page"}],"author":[{"embeddable":true,"href":"https:\/\/aquaclean.rs\/index.php\/wp-json\/wp\/v2\/users\/1"}],"replies":[{"embeddable":true,"href":"https:\/\/aquaclean.rs\/index.php\/wp-json\/wp\/v2\/comments?post=8"}],"version-history":[{"count":9,"href":"https:\/\/aquaclean.rs\/index.php\/wp-json\/wp\/v2\/pages\/8\/revisions"}],"predecessor-version":[{"id":308,"href":"https:\/\/aquaclean.rs\/index.php\/wp-json\/wp\/v2\/pages\/8\/revisions\/308"}],"wp:attachment":[{"href":"https:\/\/aquaclean.rs\/index.php\/wp-json\/wp\/v2\/media?parent=8"}],"curies":[{"name":"wp","href":"https:\/\/api.w.org\/{rel}","templated":true}]}}